{"id":1162,"date":"2013-06-22T19:19:35","date_gmt":"2013-06-22T19:19:35","guid":{"rendered":"http:\/\/vysne-remety\/?page_id=1162"},"modified":"2025-10-02T15:13:20","modified_gmt":"2025-10-02T13:13:20","slug":"aktuality","status":"publish","type":"page","link":"https:\/\/www.obectibava.sk\/","title":{"rendered":"Aktuality"},"content":{"rendered":"<h6>02.10.2025<\/h6>\n<h4><a href=\"https:\/\/www.obectibava.sk\/wp-content\/uploads\/2025\/10\/P-O-Z-V-A-N-K-A.pdf\">P O Z V \u00c1 N K A<\/a><\/h4>\n<h6>D\u0148a 23.07.2025<\/h6>\n<p><a href=\"https:\/\/www.obectibava.sk\/wp-content\/uploads\/2025\/07\/Pozvanka-26_7.png\"><img loading=\"lazy\" decoding=\"async\" class=\"alignnone wp-image-5850\" src=\"https:\/\/www.obectibava.sk\/wp-content\/uploads\/2025\/07\/Pozvanka-26_7-724x1024.png\" alt=\"\" width=\"400\" height=\"566\" srcset=\"https:\/\/www.obectibava.sk\/wp-content\/uploads\/2025\/07\/Pozvanka-26_7-724x1024.png 724w, https:\/\/www.obectibava.sk\/wp-content\/uploads\/2025\/07\/Pozvanka-26_7-212x300.png 212w, https:\/\/www.obectibava.sk\/wp-content\/uploads\/2025\/07\/Pozvanka-26_7-768x1086.png 768w, https:\/\/www.obectibava.sk\/wp-content\/uploads\/2025\/07\/Pozvanka-26_7-1086x1536.png 1086w, https:\/\/www.obectibava.sk\/wp-content\/uploads\/2025\/07\/Pozvanka-26_7.png 1190w\" sizes=\"auto, (max-width: 400px) 100vw, 400px\" \/><\/a><\/p>\n<h4>&nbsp;<\/h4>\n<hr>\n<h6>D\u0148a 03.03.2025<\/h6>\n<h4><a href=\"https:\/\/www.obectibava.sk\/wp-content\/uploads\/2025\/03\/P-O-Z-V-A-N-K-A.pdf\">P O Z V \u00c1 N K A<\/a><\/h4>\n<hr>\n<h6>D\u0148a 28.02.2025<\/h6>\n<h4><a href=\"https:\/\/www.obectibava.sk\/wp-content\/uploads\/2025\/02\/P-O-Z-V-A-N-K-A-1.pdf\">P O Z V \u00c1 N K A<\/a><\/h4>\n<hr>\n<h6>D\u0148a 05.02.2025<\/h6>\n<h4><a href=\"https:\/\/www.obectibava.sk\/wp-content\/uploads\/2025\/02\/P-O-Z-V-A-N-K-A.pdf\">P O Z V \u00c1 N K A<\/a><\/h4>\n<hr>\n<h4>&nbsp;<\/h4>\n<h6>D\u0148a 17.10.2023<\/h6>\n<h6><a href=\"https:\/\/www.obectibava.sk\/wp-content\/uploads\/2023\/10\/Riesenie-detskeho-a-workoutoveho-ihriska_1.jpg\"><img loading=\"lazy\" decoding=\"async\" class=\"alignnone size-medium wp-image-5351\" src=\"https:\/\/www.obectibava.sk\/wp-content\/uploads\/2023\/10\/Riesenie-detskeho-a-workoutoveho-ihriska_1-300x212.jpg\" alt=\"\" width=\"300\" height=\"212\" srcset=\"https:\/\/www.obectibava.sk\/wp-content\/uploads\/2023\/10\/Riesenie-detskeho-a-workoutoveho-ihriska_1-300x212.jpg 300w, https:\/\/www.obectibava.sk\/wp-content\/uploads\/2023\/10\/Riesenie-detskeho-a-workoutoveho-ihriska_1-1024x724.jpg 1024w, https:\/\/www.obectibava.sk\/wp-content\/uploads\/2023\/10\/Riesenie-detskeho-a-workoutoveho-ihriska_1-768x543.jpg 768w, https:\/\/www.obectibava.sk\/wp-content\/uploads\/2023\/10\/Riesenie-detskeho-a-workoutoveho-ihriska_1-1536x1086.jpg 1536w, https:\/\/www.obectibava.sk\/wp-content\/uploads\/2023\/10\/Riesenie-detskeho-a-workoutoveho-ihriska_1.jpg 1984w\" sizes=\"auto, (max-width: 300px) 100vw, 300px\" \/><\/a><\/h6>\n<hr>\n<h6>D\u0148a 10.10.2023<\/h6>\n<p><a href=\"https:\/\/www.obectibava.sk\/wp-content\/uploads\/2023\/10\/1000000731.jpg\"><img loading=\"lazy\" decoding=\"async\" class=\"alignnone size-medium wp-image-5347\" src=\"https:\/\/www.obectibava.sk\/wp-content\/uploads\/2023\/10\/1000000731-300x225.jpg\" alt=\"\" width=\"300\" height=\"225\" srcset=\"https:\/\/www.obectibava.sk\/wp-content\/uploads\/2023\/10\/1000000731-300x225.jpg 300w, https:\/\/www.obectibava.sk\/wp-content\/uploads\/2023\/10\/1000000731.jpg 512w\" sizes=\"auto, (max-width: 300px) 100vw, 300px\" \/><\/a> <a href=\"https:\/\/www.obectibava.sk\/wp-content\/uploads\/2023\/10\/1000000729.jpg\"><img loading=\"lazy\" decoding=\"async\" class=\"alignnone size-medium wp-image-5348\" src=\"https:\/\/www.obectibava.sk\/wp-content\/uploads\/2023\/10\/1000000729-300x225.jpg\" alt=\"\" width=\"300\" height=\"225\" srcset=\"https:\/\/www.obectibava.sk\/wp-content\/uploads\/2023\/10\/1000000729-300x225.jpg 300w, https:\/\/www.obectibava.sk\/wp-content\/uploads\/2023\/10\/1000000729.jpg 512w\" sizes=\"auto, (max-width: 300px) 100vw, 300px\" \/><\/a><\/p>\n<hr>\n<h6>D\u0148a 14.09.2023<\/h6>\n<h4><a href=\"https:\/\/www.obectibava.sk\/wp-content\/uploads\/2023\/10\/O-z-n-a-m-e-n-i-e-o-zacati-konania-a-p-o-z-v-a-n-k-a-na-miestne-setrenie.pdf\">O z n \u00e1 m e n i e o za\u010dat\u00ed konania a p o z v \u00e1 n k a na miestne \u0161etrenie<\/a><\/h4>\n<hr>\n<h6>D\u0148a 14.09.2023<\/h6>\n<h4><a href=\"https:\/\/www.obectibava.sk\/wp-content\/uploads\/2023\/09\/P-O-Z-V-A-N-K-A.pdf\">P O Z V \u00c1 N K A<\/a><\/h4>\n<hr>\n<h6>D\u0148a 19.05.2023<\/h6>\n<h4><a href=\"https:\/\/www.obectibava.sk\/wp-content\/uploads\/2023\/05\/Pomoc-pre-seniorov-.pdf\">Pomoc pre seniorov<\/a><\/h4>\n<p><a href=\"https:\/\/www.obectibava.sk\/wp-content\/uploads\/2023\/05\/Pozvanka-30.05.2023.pdf\">Pozv\u00e1nka 30.05.2023<\/a><\/p>\n<hr>\n<h6>D\u0148a 16.02.2023<\/h6>\n<h4><a href=\"https:\/\/www.obectibava.sk\/wp-content\/uploads\/2023\/02\/Nariadenie-o-zacati-pripravneho-konania-PU.pdf\">Nariadenie o za\u010dat\u00ed pr\u00edpravn\u00e9ho konania PU<\/a><\/h4>\n<h4><a href=\"https:\/\/www.obectibava.sk\/wp-content\/uploads\/2023\/02\/Vyberove-konanie-technicky-pracovnik-obce.pdf\">V\u00fdberov\u00e9 konanie technick\u00fd pracovn\u00edk obce<\/a><\/h4>\n<hr>\n<h6>D\u0148a 05.03.2022<\/h6>\n<h4><a href=\"https:\/\/www.obectibava.sk\/wp-content\/uploads\/2022\/03\/Program-odpadoveho-hospodarstva-2021-2026.pdf\">Program odpadov\u00e9ho hospod\u00e1rstva 2021-2026<\/a><\/h4>\n<hr>\n<p><a href=\"https:\/\/www.obectibava.sk\/wp-content\/uploads\/2022\/02\/plagat_tibava23979-2.docx\">N\u00e1zov projektu: <strong>Budovanie, rekon\u0161trukcia a moderniz\u00e1cia z\u00e1kladnej technickej infra\u0161trukt\u00fary v obci Tibava<\/strong><\/a><\/p>\n<hr>\n<p>&nbsp;<\/p>\n","protected":false},"excerpt":{"rendered":"<p>02.10.2025 P O Z V \u00c1 N K A D\u0148a 23.07.2025 &nbsp; D\u0148a 03.03.2025 P O Z V \u00c1 N K A D\u0148a 28.02.2025 P O Z V \u00c1 N K A D\u0148a 05.02.2025 P O Z V \u00c1 N K A &nbsp; D\u0148a 17.10.2023 D\u0148a 10.10.2023 <span class=\"excerpt-dots\">&hellip;<\/span> <a class=\"more-link\" href=\"https:\/\/www.obectibava.sk\/\"><span class=\"more-msg\">Pokra\u010dova\u0165 v \u010d\u00edtan\u00ed &rarr;<\/span><\/a><\/p>\n","protected":false},"author":1,"featured_media":0,"parent":0,"menu_order":100,"comment_status":"closed","ping_status":"closed","template":"","meta":{"ngg_post_thumbnail":0,"footnotes":""},"class_list":["post-1162","page","type-page","status-publish","hentry"],"_links":{"self":[{"href":"https:\/\/www.obectibava.sk\/index.php?rest_route=\/wp\/v2\/pages\/1162","targetHints":{"allow":["GET"]}}],"collection":[{"href":"https:\/\/www.obectibava.sk\/index.php?rest_route=\/wp\/v2\/pages"}],"about":[{"href":"https:\/\/www.obectibava.sk\/index.php?rest_route=\/wp\/v2\/types\/page"}],"author":[{"embeddable":true,"href":"https:\/\/www.obectibava.sk\/index.php?rest_route=\/wp\/v2\/users\/1"}],"replies":[{"embeddable":true,"href":"https:\/\/www.obectibava.sk\/index.php?rest_route=%2Fwp%2Fv2%2Fcomments&post=1162"}],"version-history":[{"count":226,"href":"https:\/\/www.obectibava.sk\/index.php?rest_route=\/wp\/v2\/pages\/1162\/revisions"}],"predecessor-version":[{"id":5876,"href":"https:\/\/www.obectibava.sk\/index.php?rest_route=\/wp\/v2\/pages\/1162\/revisions\/5876"}],"wp:attachment":[{"href":"https:\/\/www.obectibava.sk\/index.php?rest_route=%2Fwp%2Fv2%2Fmedia&parent=1162"}],"curies":[{"name":"wp","href":"https:\/\/api.w.org\/{rel}","templated":true}]}}